{"id":5339,"date":"2015-02-05T12:54:55","date_gmt":"2015-06-22T08:52:32","guid":{"rendered":"https:\/\/sklep.uw.edu.pl\/?post_type=product&#038;p=5339"},"modified":"2026-04-15T13:42:37","modified_gmt":"2026-04-15T11:42:37","slug":"bluza-granatowa-plen","status":"publish","type":"product","link":"https:\/\/sklep.uw.edu.pl\/en\/shop\/bluza-granatowa-plen\/","title":{"rendered":"Bluza klasyczna, granatowa (PL\/EN)"},"content":{"rendered":"<ul>\n<li>dwa warianty do wyboru: bluza z napisem w j\u0119zyku polskim lub w j\u0119zyku angielskim<\/li>\n<li>sze\u015b\u0107 rozmiar\u00f3w do wyboru: od XS do XXL (uniseks)<\/li>\n<li>kolor:\u00a0granatowy<\/li>\n<li>model: tzw. &#8220;kangurka&#8221;\u00a0z kapturem i kieszeni\u0105, bluza wk\u0142adana przez g\u0142ow\u0119<\/li>\n<li>materia\u0142: bawe\u0142na 90%, poliester 10%<\/li>\n<li>gramatura materia\u0142u: 280 g<\/li>\n<li>metoda zdobienia: haft<\/li>\n<li>kolor nadruku: bia\u0142y<\/li>\n<\/ul>\n<p>&nbsp;<\/p>\n","protected":false},"excerpt":{"rendered":"<p>Classic navy blue hoodie with a hood and a large front pocket. Two options available: a hoodie with text in Polish or in English. The hoodie was made based on one of two winning designs selected in an online contest organized in November 2014 on the University of Warsaw\u2019s profilu facebookowym UW.<\/p>\n<p>The hoodie is made from high-quality Polish materials. The embroidery was also produced in a Polish sewing workshop. It is warm and comfortable\u2014sure to last a long time for anyone.<\/p>\n<p><a href=\"https:\/\/sklep.uw.edu.pl\/wp-content\/uploads\/2017\/06\/bluzy-baseball%C3%B3wki.png\" target=\"_blank\" rel=\"noopener\"><strong>Click here and check the measurements before choosing the size<\/strong>.<\/a>\u00a0Sizes vary among manufacturers.<\/p>\n<p>&nbsp; [&#8230;]<\/p>\n","protected":false},"featured_media":18124,"template":"","meta":[],"product_cat":[501,502],"product_tag":[],"class_list":["theme-product","post-5339","product","type-product","status-publish","has-post-thumbnail","hentry","product_cat-clothes","product_cat-sweatshirts"],"acf":[],"_links":{"self":[{"href":"https:\/\/sklep.uw.edu.pl\/en\/wp-json\/wp\/v2\/product\/5339","targetHints":{"allow":["GET"]}}],"collection":[{"href":"https:\/\/sklep.uw.edu.pl\/en\/wp-json\/wp\/v2\/product"}],"about":[{"href":"https:\/\/sklep.uw.edu.pl\/en\/wp-json\/wp\/v2\/types\/product"}],"wp:featuredmedia":[{"embeddable":true,"href":"https:\/\/sklep.uw.edu.pl\/en\/wp-json\/wp\/v2\/media\/18124"}],"wp:attachment":[{"href":"https:\/\/sklep.uw.edu.pl\/en\/wp-json\/wp\/v2\/media?parent=5339"}],"wp:term":[{"taxonomy":"product_cat","embeddable":true,"href":"https:\/\/sklep.uw.edu.pl\/en\/wp-json\/wp\/v2\/product_cat?post=5339"},{"taxonomy":"product_tag","embeddable":true,"href":"https:\/\/sklep.uw.edu.pl\/en\/wp-json\/wp\/v2\/product_tag?post=5339"}],"curies":[{"name":"wp","href":"https:\/\/api.w.org\/{rel}","templated":true}]}}